{"id":479,"date":"2025-10-20T11:11:12","date_gmt":"2025-10-20T11:11:12","guid":{"rendered":"https:\/\/edano.com.pl\/?page_id=479"},"modified":"2025-10-20T11:11:51","modified_gmt":"2025-10-20T11:11:51","slug":"polityka","status":"publish","type":"page","link":"https:\/\/edano.com.pl\/index.php\/polityka\/","title":{"rendered":"Polityka"},"content":{"rendered":"\n\n\n<h2 class=\"western\">Informacje og\u00f3lne.<\/h2><p>Administratorem Danych Osobowych oraz Operatorem Serwisu\n(w\u0142a\u015bcicielem serwisu) jest firma: <b>P.H.U. EDANO Piotr Styka\u0142a,\nU\u015bcikowo Fol. 54A, 64-600 Oborniki<\/b><\/p><p>Serwis pozyskuje informacje o u\u017cytkownikach i ich zachowaniu\npoprzez:<\/p><ul>\n\t<li><p style=\"margin-bottom: 0cm\">Dobrowolnie wprowadzone dane w\n\tformularzach. \n\t<\/p>\n\t<\/li><li><p style=\"margin-bottom: 0cm\">Zapisywanie plik\u00f3w cookie (tzw.\n\t\u201cciasteczka\u201d) w urz\u0105dzeniach ko\u0144cowych. \n\t<\/p>\n\t<\/li><li><p style=\"margin-bottom: 0cm\">Gromadzenie statystyki odwiedzin z\n\twykorzystaniem narz\u0119dzi Google Analytics. \n\t<\/p>\n\t<\/li><li><p>Gromadzenie log\u00f3w serwera WWW przez operatora hostingowego. \n\t<\/p>\n<\/li><\/ul><h2 class=\"western\">Informacje w formularzach.<\/h2><p>Serwis zbiera informacje podane dobrowolnie przez u\u017cytkownika.<\/p><p>Serwis mo\u017ce zapisywa\u0107 ponadto informacje o parametrach\npo\u0142\u0105czenia (np. czas, adres IP).<\/p><p>Dane w formularzu s\u0105 udost\u0119pniane podmiotom trzecim wy\u0142\u0105cznie\nza zgod\u0105 u\u017cytkownika.<\/p><p>Dane podane w formularzu mog\u0105 stanowi\u0107 zbi\u00f3r potencjalnych\nklient\u00f3w, zarejestrowany przez Operatora Serwisu.<\/p><p>Dane podane w formularzu s\u0105 przetwarzane w celu wynikaj\u0105cym z\nfunkcji konkretnego formularza, np. w celu obs\u0142ugi kontaktu\nhandlowego.<\/p><h2 class=\"western\">Informacja o plikach cookies.<\/h2><p>Serwis korzysta z plik\u00f3w cookie (tzw. \u201eciasteczka\u201d).<\/p><p>Pliki cookie to dane informatyczne, w szczeg\u00f3lno\u015bci pliki\ntekstowe, kt\u00f3re przechowywane s\u0105 w urz\u0105dzeniu ko\u0144cowym\nU\u017cytkownika Serwisu i przeznaczone s\u0105 do korzystania ze stron\ninternetowych Serwisu. Pliki cookie zazwyczaj zawieraj\u0105 nazw\u0119\nstrony internetowej, z kt\u00f3rej pochodz\u0105, czas przechowywania ich na\nurz\u0105dzeniu ko\u0144cowym oraz unikalny identyfikator.<\/p><p>Podmiotem zamieszczaj\u0105cym na urz\u0105dzeniu ko\u0144cowym U\u017cytkownika\nSerwisu pliki cookie oraz uzyskuj\u0105cym do nich dost\u0119p jest Operator\nSerwisu.<\/p><p>Pliki cookie wykorzystywane s\u0105 w celach:<\/p><ul>\n\t<li><p style=\"margin-bottom: 0cm\">tworzenia statystyk, kt\u00f3re\n\tpomagaj\u0105 zrozumie\u0107, w jaki spos\u00f3b U\u017cytkownicy Serwisu korzystaj\u0105\n\tze stron internetowych, co umo\u017cliwia ulepszanie ich struktury i\n\tzawarto\u015bci; \n\t<\/p>\n\t<\/li><li><p style=\"margin-bottom: 0cm\">utrzymanie sesji U\u017cytkownika\n\tSerwisu (np. po zalogowaniu), dzi\u0119ki kt\u00f3rej U\u017cytkownik nie musi\n\tna ka\u017cdej podstronie Serwisu ponownie wpisywa\u0107 loginu i has\u0142a; \n\t<\/p>\n\t<\/li><li><p>okre\u015blania profilu u\u017cytkownika w celu wy\u015bwietlania mu\n\tdopasowanych materia\u0142\u00f3w w sieciach reklamowych, w szczeg\u00f3lno\u015bci\n\tsieci Google. \n\t<\/p>\n<\/li><\/ul><p>W ramach Serwisu stosowane s\u0105 dwa zasadnicze rodzaje plik\u00f3w\ncookie: pliki \u201esesyjne\u201d (session cookies) oraz pliki \u201esta\u0142e\u201d\n(persistent cookies). Cookie \u201esesyjne\u201d to pliki tymczasowe, kt\u00f3re\nprzechowywane s\u0105 w urz\u0105dzeniu ko\u0144cowym U\u017cytkownika do czasu\nwylogowania, opuszczenia strony internetowej lub wy\u0142\u0105czenia\nprzegl\u0105darki internetowej. Cookie \u201esta\u0142e\u201d przechowywane s\u0105 w\nurz\u0105dzeniu ko\u0144cowym<\/p><p>U\u017cytkownika przez czas okre\u015blony w parametrach plik\u00f3w cookie\nlub do czasu ich usuni\u0119cia przez U\u017cytkownika.<\/p><p>Przegl\u0105darka internetowa zazwyczaj domy\u015blnie dopuszcza\nprzechowywanie plik\u00f3w cookie w urz\u0105dzeniu ko\u0144cowym U\u017cytkownika.\nU\u017cytkownicy Serwisu mog\u0105 dokona\u0107 zmiany ustawie\u0144 w tym zakresie.<\/p><p>Przegl\u0105darka internetowa umo\u017cliwia usuni\u0119cie plik\u00f3w cookie.\nMo\u017cliwe jest tak\u017ce automatyczne blokowanie plik\u00f3w cookie.\nSzczeg\u00f3\u0142owe informacje na ten temat zawiera pomoc lub dokumentacja\nwybranej przegl\u0105darki internetowej.<\/p><p>Ograniczenia stosowania plik\u00f3w cookie mog\u0105 wp\u0142yn\u0105\u0107 na\nniekt\u00f3re funkcjonalno\u015bci dost\u0119pne na stronach internetowych\nSerwisu.<\/p><p>Pliki cookie zamieszczane w urz\u0105dzeniu ko\u0144cowym U\u017cytkownika\nSerwisu i wykorzystywane mog\u0105 by\u0107 r\u00f3wnie\u017c przez wsp\u00f3\u0142pracuj\u0105cych\nz operatorem Serwisu reklamodawc\u00f3w oraz partner\u00f3w.<\/p><p>Zalecamy przeczytanie polityki ochrony prywatno\u015bci tych firm, aby\npozna\u0107 zasady korzystania z plik\u00f3w cookie wykorzystywane w\nstatystykach: Polityka ochrony prywatno\u015bci Google Analytics.<\/p><p>Pliki cookie mog\u0105 by\u0107 r\u00f3wnie\u017c wykorzystane przez sieci\nreklamowe, w szczeg\u00f3lno\u015bci sie\u0107 Google, do wy\u015bwietlenia reklam\ndopasowanych do sposobu, w jaki u\u017cytkownik korzysta z Serwisu. W tym\ncelu mog\u0105 zachowa\u0107 informacj\u0119 o \u015bcie\u017cce nawigacji u\u017cytkownika\nlub czasie pozostawania na danej stronie.<\/p><h2 class=\"western\">Logi serwera.<\/h2><p>Informacje o niekt\u00f3rych zachowaniach u\u017cytkownik\u00f3w podlegaj\u0105\nlogowaniu w warstwie serwerowej. Dane te s\u0105 wykorzystywane wy\u0142\u0105cznie\nw celu administrowania serwisem oraz w celu zapewnienia jak\nnajbardziej sprawnej obs\u0142ugi \u015bwiadczonych us\u0142ug hostingowych.<\/p><p>Przegl\u0105dane zasoby identyfikowane s\u0105 poprzez unikalne adresy\nURL. Ponadto zapisowi mog\u0105 podlega\u0107:<\/p><ul>\n\t<li><p style=\"margin-bottom: 0cm\">czas nadej\u015bcia zapytania, \n\t<\/p>\n\t<\/li><li><p style=\"margin-bottom: 0cm\">czas wys\u0142ania odpowiedzi, \n\t<\/p>\n\t<\/li><li><p style=\"margin-bottom: 0cm\">nazw\u0119 stacji klienta \u2013\n\tidentyfikacja realizowana przez protok\u00f3\u0142 HTTP oraz HTTPS, \n\t<\/p>\n\t<\/li><li><p style=\"margin-bottom: 0cm\">informacje o b\u0142\u0119dach jakie\n\tnast\u0105pi\u0142y przy realizacji po\u0142\u0105czenia HTTP oraz HTTPS, \n\t<\/p>\n\t<\/li><li><p style=\"margin-bottom: 0cm\">adres URL strony poprzednio\n\todwiedzanej przez u\u017cytkownika (referer link) \u2013 w przypadku gdy\n\tprzej\u015bcie do Serwisu nast\u0105pi\u0142o przez odno\u015bnik, \n\t<\/p>\n\t<\/li><li><p style=\"margin-bottom: 0cm\">informacje o przegl\u0105darce\n\tinternetowej u\u017cytkownika, \n\t<\/p>\n\t<\/li><li><p>Informacje o adresie IP. \n\t<\/p>\n<\/li><\/ul><p>Powy\u017csze dane nie s\u0105 kojarzone z konkretnymi osobami\nprzegl\u0105daj\u0105cymi strony.<\/p><p>Powy\u017csze dane s\u0105 wykorzystywane jedynie dla cel\u00f3w\nadministrowania serwerem.<\/p><p>Udost\u0119pnienie danych.<\/p><p>Dane podlegaj\u0105 udost\u0119pnieniu podmiotom zewn\u0119trznym wy\u0142\u0105cznie\nw granicach prawnie dozwolonych.<\/p><p>Dane umo\u017cliwiaj\u0105ce identyfikacj\u0119 osoby fizycznej s\u0105\nudost\u0119pniane wy\u0142\u0105czenie za zgod\u0105 tej osoby.<\/p><p>Operator mo\u017ce mie\u0107 obowi\u0105zek udzielania informacji zebranych\nprzez Serwis upowa\u017cnionym organom na podstawie zgodnych z prawem\n\u017c\u0105da\u0144 w zakresie wynikaj\u0105cym z \u017c\u0105dania.<\/p><p>Zarz\u0105dzanie plikami cookie<\/p><p>Je\u015bli u\u017cytkownik nie chce otrzymywa\u0107 plik\u00f3w cookie, mo\u017ce\nzmieni\u0107 ustawienia przegl\u0105darki. Wy\u0142\u0105czenie obs\u0142ugi plik\u00f3w\ncookie niezb\u0119dnych dla proces\u00f3w uwierzytelniania, bezpiecze\u0144stwa,\nutrzymania preferencji u\u017cytkownika mo\u017ce utrudni\u0107, a w skrajnych\nprzypadkach mo\u017ce uniemo\u017cliwi\u0107 korzystanie ze stron WWW.<\/p><h2 class=\"western\">Informacje ko\u0144cowe<\/h2><p>W\u0142a\u015bciciel serwisu zastrzega sobie prawo do wprowadzania zmian w\npolityce ochrony prywatno\u015bci. Zmiany mog\u0105 nast\u0105pi\u0107 w dowolnym\nczasie, a u\u017cytkownicy mog\u0105, lecz nie musz\u0105 by\u0107 o tym\npowiadomieni.<\/p><p>\n\n\n\n\n\n\n\n\n\n\n\n\n\n\n\n\n\n\n\n\n\n\n\n\n\n\n\n\n\n\n\n\n\n\n\n\n\n<\/p><p style=\"margin-bottom: 0cm; line-height: 100%\"><br>\n<\/p>\n\n\n","protected":false},"excerpt":{"rendered":"","protected":false},"author":1,"featured_media":0,"parent":0,"menu_order":0,"comment_status":"closed","ping_status":"closed","template":"","meta":{"pagelayer_contact_templates":[],"_pagelayer_content":"","footnotes":""},"class_list":["post-479","page","type-page","status-publish","hentry"],"_links":{"self":[{"href":"https:\/\/edano.com.pl\/index.php\/wp-json\/wp\/v2\/pages\/479","targetHints":{"allow":["GET"]}}],"collection":[{"href":"https:\/\/edano.com.pl\/index.php\/wp-json\/wp\/v2\/pages"}],"about":[{"href":"https:\/\/edano.com.pl\/index.php\/wp-json\/wp\/v2\/types\/page"}],"author":[{"embeddable":true,"href":"https:\/\/edano.com.pl\/index.php\/wp-json\/wp\/v2\/users\/1"}],"replies":[{"embeddable":true,"href":"https:\/\/edano.com.pl\/index.php\/wp-json\/wp\/v2\/comments?post=479"}],"version-history":[{"count":3,"href":"https:\/\/edano.com.pl\/index.php\/wp-json\/wp\/v2\/pages\/479\/revisions"}],"predecessor-version":[{"id":482,"href":"https:\/\/edano.com.pl\/index.php\/wp-json\/wp\/v2\/pages\/479\/revisions\/482"}],"wp:attachment":[{"href":"https:\/\/edano.com.pl\/index.php\/wp-json\/wp\/v2\/media?parent=479"}],"curies":[{"name":"wp","href":"https:\/\/api.w.org\/{rel}","templated":true}]}}