{"id":296,"date":"2025-10-17T11:56:40","date_gmt":"2025-10-17T11:56:40","guid":{"rendered":"https:\/\/edano.com.pl\/?page_id=296"},"modified":"2025-10-17T12:31:17","modified_gmt":"2025-10-17T12:31:17","slug":"budowa","status":"publish","type":"page","link":"https:\/\/edano.com.pl\/index.php\/budowa\/","title":{"rendered":"Budowa"},"content":{"rendered":"\n\n\n<h2>Jedn\u0105 z naszych dzia\u0142alno\u015bci jest budowa hal wielkopowierzchniowych, obejmuj\u0105ca monta\u017c dach\u00f3w,<\/h2><h2>fasad i niezb\u0119dnych element\u00f3w konstrukcyjnych.<\/h2>\n\n\n\n\n\n\n\n","protected":false},"excerpt":{"rendered":"","protected":false},"author":1,"featured_media":0,"parent":0,"menu_order":0,"comment_status":"closed","ping_status":"closed","template":"","meta":{"pagelayer_contact_templates":[],"_pagelayer_content":"","footnotes":""},"class_list":["post-296","page","type-page","status-publish","hentry"],"_links":{"self":[{"href":"https:\/\/edano.com.pl\/index.php\/wp-json\/wp\/v2\/pages\/296","targetHints":{"allow":["GET"]}}],"collection":[{"href":"https:\/\/edano.com.pl\/index.php\/wp-json\/wp\/v2\/pages"}],"about":[{"href":"https:\/\/edano.com.pl\/index.php\/wp-json\/wp\/v2\/types\/page"}],"author":[{"embeddable":true,"href":"https:\/\/edano.com.pl\/index.php\/wp-json\/wp\/v2\/users\/1"}],"replies":[{"embeddable":true,"href":"https:\/\/edano.com.pl\/index.php\/wp-json\/wp\/v2\/comments?post=296"}],"version-history":[{"count":4,"href":"https:\/\/edano.com.pl\/index.php\/wp-json\/wp\/v2\/pages\/296\/revisions"}],"predecessor-version":[{"id":366,"href":"https:\/\/edano.com.pl\/index.php\/wp-json\/wp\/v2\/pages\/296\/revisions\/366"}],"wp:attachment":[{"href":"https:\/\/edano.com.pl\/index.php\/wp-json\/wp\/v2\/media?parent=296"}],"curies":[{"name":"wp","href":"https:\/\/api.w.org\/{rel}","templated":true}]}}