{"id":287,"date":"2025-10-17T11:49:53","date_gmt":"2025-10-17T11:49:53","guid":{"rendered":"https:\/\/edano.com.pl\/?page_id=287"},"modified":"2025-10-17T12:47:00","modified_gmt":"2025-10-17T12:47:00","slug":"o-firmie","status":"publish","type":"page","link":"https:\/\/edano.com.pl\/index.php\/o-firmie\/","title":{"rendered":"O Firmie"},"content":{"rendered":"\n\n\n<div>Firma P.H.U. EDANO to rodzinna firma istniej\u0105ca od 1997 roku z d\u0142ugoletni\u0105 tradycj\u0105.<\/div><div>Pocz\u0105tkowo byli\u015bmy punktem sprzeda\u017cy detalicznej.<\/div><div>Po pi\u0119ciu latach firma zmieni\u0142a swoj\u0105 lokalizacj\u0119. Obecnie siedziba firmy znajduje si\u0119 w U\u015bcikowie Fol. ko\u0142o<\/div><div>Obornik Wlkp., przy drodze S11 Pozna\u0144-Pi\u0142a.<\/div><div>Zdobyte przez te lata do\u015bwiadczenie pozwala na oferowanie klientom wysokiej jako\u015bci us\u0142ug i produkt\u00f3w.<\/div><div>Przez ci\u0105g\u0142e kszta\u0142cenie nabywamy nowych umiej\u0119tno\u015bci aby lepiej wype\u0142nia\u0107 podj\u0119te dzia\u0142ania.<\/div><div>Po\u015bwi\u0119camy sw\u00f3j czas dla Was, poniewa\u017c jeste\u015bmy pasjonatami naszych zawod\u00f3w i naszej pracy.<\/div>\n\n<p>W zwi\u0105zku z ci\u0105g\u0142ym rozwojem firmy w roku 2014 rozbudowali\u015bmy powierzchni\u0119<\/p><p>magazynow\u0105 oraz uruchomili\u015bmy lini\u0119 do produkcji ekstrudat\u00f3w.<\/p><p>To kolejny etap, kt\u00f3ry sk\u0142ania nas do podejmowania nowych wyzwa\u0144 w przysz\u0142o\u015bci.<\/p><p>A indywidualne podej\u015bcie do ka\u017cdego klienta przek\u0142ada si\u0119 na wsp\u00f3lny sukces.<\/p>\n\n\n\n\n\n\n\n\n\n\n\n\n\n\n\n\n\n\n\nKorzystaj\u0105c z najnowocze\u015bniejszych linii\ntechnologicznych do obr\u00f3bki surowc\u00f3w\nfirma stworzy\u0142a innowacyjny produkt nowej\ngeneracji \u2013 zan\u0119ty i przyn\u0119ty w\u0119dkarskie.\nW produkcji u\u017cywamy tylko surowc\u00f3w\nnajwy\u017cszej jako\u015bci \u2013 gdy\u017c jaki surowiec, taki\nprodukt.\nMaj\u0105c na uwadze wykszta\u0142cenie\nweterynaryjne w\u0142a\u015bciciela oraz jego pasji i\nmi\u0142o\u015bci do zwierz\u0105t w 2023 roku\nstworzyli\u015bmy i poszerzyli\u015bmy produkcj\u0119 o\ndodatkowe produkty zwi\u0105zane z zoologi\u0105:\nExtru Animals.\n\n\n\n\n\n\n\n\n\n<p style=\"text-align: left;\"><strong>G\u0142\u00f3wnym celem firmy<\/strong> od wielu lat jest budowanie silnej marki kojarzonej z najwy\u017csz\u0105 jako\u015bci\u0105.\n<\/p>\n<p><strong>Najwa\u017cniejszy jest klient<\/strong>. Chcemy spe\u0142nia\u0107 jego potrzeby w zakresie oferowanego produktu. To uwagi i rady klienta s\u0105 inspiracj\u0105 do dalszego dzia\u0142ania.&nbsp;<\/p>\n<p><strong>Kontrola jako\u015bci<\/strong>. Komponenty przez nas u\u017cywane do produkcji jak i produkt ko\u0144cowy poddane s\u0105 sta\u0142ej kontroli laboratoryjnej, zak\u0142ad obj\u0119ty jest sta\u0142\u0105 kontrol\u0105 inspekcji weterynaryjnej.<\/p>\n<p style=\"text-align: left;\"><strong>Misja spo\u0142eczna.<\/strong> Firma od zawsze wspiera wiele lokalnych inicjatyw spo\u0142ecznych. Pomagamy\nfundacjom, osobom niepe\u0142nosprawnym, wspieramy imprezy sportowe dla dzieci i doros\u0142ych, lokalne\ns\u0142u\u017cby.<\/p>\n\n\n","protected":false},"excerpt":{"rendered":"","protected":false},"author":1,"featured_media":0,"parent":0,"menu_order":0,"comment_status":"closed","ping_status":"closed","template":"","meta":{"pagelayer_contact_templates":[],"_pagelayer_content":"","footnotes":""},"class_list":["post-287","page","type-page","status-publish","hentry"],"_links":{"self":[{"href":"https:\/\/edano.com.pl\/index.php\/wp-json\/wp\/v2\/pages\/287","targetHints":{"allow":["GET"]}}],"collection":[{"href":"https:\/\/edano.com.pl\/index.php\/wp-json\/wp\/v2\/pages"}],"about":[{"href":"https:\/\/edano.com.pl\/index.php\/wp-json\/wp\/v2\/types\/page"}],"author":[{"embeddable":true,"href":"https:\/\/edano.com.pl\/index.php\/wp-json\/wp\/v2\/users\/1"}],"replies":[{"embeddable":true,"href":"https:\/\/edano.com.pl\/index.php\/wp-json\/wp\/v2\/comments?post=287"}],"version-history":[{"count":6,"href":"https:\/\/edano.com.pl\/index.php\/wp-json\/wp\/v2\/pages\/287\/revisions"}],"predecessor-version":[{"id":373,"href":"https:\/\/edano.com.pl\/index.php\/wp-json\/wp\/v2\/pages\/287\/revisions\/373"}],"wp:attachment":[{"href":"https:\/\/edano.com.pl\/index.php\/wp-json\/wp\/v2\/media?parent=287"}],"curies":[{"name":"wp","href":"https:\/\/api.w.org\/{rel}","templated":true}]}}