{"id":257,"date":"2025-10-17T11:18:13","date_gmt":"2025-10-17T11:18:13","guid":{"rendered":"https:\/\/edano.com.pl\/?page_id=257"},"modified":"2025-10-17T14:30:24","modified_gmt":"2025-10-17T14:30:24","slug":"dystrybucja","status":"publish","type":"page","link":"https:\/\/edano.com.pl\/index.php\/dystrybucja\/","title":{"rendered":"Dystrybucja"},"content":{"rendered":"\n\n\n\n\n\n<p>Jeste\u015bmy firm\u0105 z\nwieloletnim\ndo\u015bwiadczeniem\nna rynku lokalnym\nw bran\u017cy\npaszowej, kt\u00f3ra\nspecjalizuje si\u0119\nw sprzeda\u017cy pasz,\nkoncentrat\u00f3w,\npremiks\u00f3w <strong>dla trzody chlewnej, byd\u0142a, drobiu i wielu innych\n\nzwierz\u0105t gospodarczych.<\/strong><br><\/p>\n\nOferujemy r\u00f3wnie\u017c <strong>\u015bruty poekstrakcyjne\ni komponenty ekstrudowane.<\/strong>\n\n\n\n\n\n\n\n\n\n\n\n\n\n\n\n<p>Wychodz\u0105c naprzeciw potrzebom naszych klient\u00f3w, oferujemy<\/p><p>szeroki asortyment <strong>dodatk\u00f3w \u017cywieniowych, witamin, \u015brodk\u00f3w<\/strong><\/p><p><strong>do mycia i dezynfekcji, materia\u0142 siewny, artyku\u0142y zootechniczne<\/strong><\/p><p><strong>czy wyposa\u017cenie budynk\u00f3w inwentarskich.<\/strong><\/p>\n\n<p><b>Dodatkowo, specjalnie dla Was posiadamy w ofercie doradztwo<\/b><\/p><p><b>\u017cywieniowe do\u015bwiadczonych \u017cywieniowc\u00f3w, kompleksow\u0105<\/b><\/p><p><b>obs\u0142ug\u0119 ferm oraz badania laboratoryjne sianokiszonek czy<\/b><\/p><p><b>zb\u00f3\u017c.<\/b><\/p>\n\n\n\n\n\n\n\n\n\n<h2>Stawiamy na jako\u015b\u0107 i innowacyjno\u015b\u0107, dlatego wprowadzamy do naszej<\/h2><h2>oferty coraz to nowe produkty, aby sprosta\u0107 wymaganiom rynku.<\/h2>\n\n\n\n\n\n<p style=\"text-align: center;\">Stawiamy na jako\u015b\u0107 i innowacyjno\u015b\u0107, dlatego wprowadzamy<\/p><p style=\"text-align: center;\">do naszej oferty coraz to nowe produkty, aby sprosta\u0107<\/p><p style=\"text-align: center;\">wymaganiom rynku. Wsp\u00f3\u0142pracujemy z najlepszymi<\/p><p style=\"text-align: center;\">firmami, dzi\u0119ki czemu mo\u017cemy zagwarantowa\u0107 najwy\u017csz\u0105<\/p><p style=\"text-align: center;\">jako\u015b\u0107 naszych produkt\u00f3w.<\/p><p style=\"text-align: center;\">Nasi pracownicy s\u0105 gotowi s\u0142u\u017cy\u0107 fachow\u0105 porad\u0105 i pomoc\u0105<\/p><p style=\"text-align: center;\">aby pom\u00f3c dobra\u0107 odpowiednie produkty dla Twoich<\/p><p style=\"text-align: center;\">zwierz\u0105t i upraw.<\/p>\n\n\n\n\n\n\n\n\n\n\n\n\n<h2>Z kim wsp\u00f3\u0142pracujemy?<\/h2>\n\n\n\n\n\n\n\n\n\n\n\n\n\n\n\n\n\n\n\n\n\n\n\n","protected":false},"excerpt":{"rendered":"","protected":false},"author":1,"featured_media":0,"parent":0,"menu_order":0,"comment_status":"closed","ping_status":"closed","template":"","meta":{"pagelayer_contact_templates":[],"_pagelayer_content":"","footnotes":""},"class_list":["post-257","page","type-page","status-publish","hentry"],"_links":{"self":[{"href":"https:\/\/edano.com.pl\/index.php\/wp-json\/wp\/v2\/pages\/257","targetHints":{"allow":["GET"]}}],"collection":[{"href":"https:\/\/edano.com.pl\/index.php\/wp-json\/wp\/v2\/pages"}],"about":[{"href":"https:\/\/edano.com.pl\/index.php\/wp-json\/wp\/v2\/types\/page"}],"author":[{"embeddable":true,"href":"https:\/\/edano.com.pl\/index.php\/wp-json\/wp\/v2\/users\/1"}],"replies":[{"embeddable":true,"href":"https:\/\/edano.com.pl\/index.php\/wp-json\/wp\/v2\/comments?post=257"}],"version-history":[{"count":17,"href":"https:\/\/edano.com.pl\/index.php\/wp-json\/wp\/v2\/pages\/257\/revisions"}],"predecessor-version":[{"id":469,"href":"https:\/\/edano.com.pl\/index.php\/wp-json\/wp\/v2\/pages\/257\/revisions\/469"}],"wp:attachment":[{"href":"https:\/\/edano.com.pl\/index.php\/wp-json\/wp\/v2\/media?parent=257"}],"curies":[{"name":"wp","href":"https:\/\/api.w.org\/{rel}","templated":true}]}}