{"id":225,"date":"2025-08-29T10:52:11","date_gmt":"2025-08-29T10:52:11","guid":{"rendered":"https:\/\/edano.com.pl\/?page_id=225"},"modified":"2025-09-10T10:13:14","modified_gmt":"2025-09-10T10:13:14","slug":"wedkarstwo","status":"publish","type":"page","link":"https:\/\/edano.com.pl\/index.php\/wedkarstwo\/","title":{"rendered":"W\u0119dkarstwo"},"content":{"rendered":"\n\n\n<h2>Lata do\u015bwiadczenia w dziedzinie \u017cywienia zwierz\u0105t i weterynarii oraz nasza ogromna pasja, pozwala nam<\/h2><h2>produkowa\u0107 dla Was najlepsze produkty.<\/h2>\n<h2><\/h2><h2>Wierzymy, \u017ce jako\u015b\u0107 zapewnia sukces!<\/h2>\n\n\n\n\n\n\n\n\n\n<h4>Dlaczego my ?<\/h4>\n<p style=\"text-align: center;\">Jeste\u015bmy rodzinn\u0105 firm\u0105, obecn\u0105 na rynku od 1997 roku. Ma\u0142y punkt detaliczny w ci\u0105gu 5 lat przerodzi\u0142 si\u0119 w profesionaln\u0105 baz\u0119 magazynow\u0105, a w 2014 roku uruchomil\u015bmy produkcj\u0119 ekstruder\u00f3w. Lata do\u015bwiadczenia i nasza ogromna pasja, pozwala dostarczy\u0107 Pa\u0144stwu najlepsze produkty.<\/p>\n\n\n\n\n\n\n\n\n\n\n\n\n\n\n<h2>Produkty Extru powstaj\u0105 z najwy\u017cszej jako\u015bci:<\/h2>\n\nziaren zb\u00f3\u017c\n\u0142ubinu\npe\u0142not\u0142ustej soi\nmakuch\u00f3w\nekstrudowanych ro\u015blin oleistych\n\n\n\n\n\n\n\n\n\n\n\n<h2>Zawieraj\u0105:<\/h2>\n\negzogenne i endogenne kwasy\nkompleks witamin\nm\u0105czk\u0119 rybn\u0105\nm\u0105czk\u0119 z robak\u00f3w oraz larw\n\n\n\n\n\n\n\n\n\n\n<h2>NIE U\u017bYWAMY KONSERWANT\u00d3W I SZTUCZNYCH I BARWNIK\u00d3W<\/h2>\nA nasze produkty NIE pochodz\u0105 z odpad\u00f3w przemys\u0142u spo\u017cywczego.\n\n\n\n\n<h2>Co nas wyr\u00f3\u017cnia?<\/h2>\n\n\n\n\n\n<h2><strong>Ekstruzja<\/strong><\/h2>\n<p style=\"text-align: right;\"><span style=\"text-align: right;\">Najbardziej przyjazna obr\u00f3bka techniczna zb\u00f3\u017c w wysokiej temperaturze, w kr\u00f3tkim czasie.<\/span><\/p>\n\n\n<p>Lorem Ipsum has been the industry&#8217;s standard dummy text ever since the 1500s.<\/p>\n\n\n<h2><strong>Wspieramy nasze!<\/strong><\/h2>\n<p>Do procesu ekstruzji u\u017cywamy najlepszych komponent\u00f3w pochodz\u0105cych od polskich rolnik\u00f3w!<\/p>\n\n\n\n\n\n\n\n\n\n\n\n<p style=\"text-align: center;\">strawno\u015b\u0107<\/p>\n\n\n\n<p style=\"text-align: center;\">smak<\/p>\n\n\n\n<p style=\"text-align: center;\">warto\u015b\u0107 pokarmowa<\/p>\n\n\n\n\n\n\n\n\n\n<h2>Ekstruzja organiczna:<\/h2>\n\naktywno\u015b\u0107 enzym\u00f3w, dlatego produkty ekstudowane s\u0105 bardziej trwa\u0142e\nchoroby, np. salmonelloz\u0119\nryzyko ska\u017cenia surowca mokotosynami\n\n\n\n<h2>Dzi\u0119ki ekstuzji:<\/h2>\n\nprodukty ekstrudowane posiadaj\u0105 doskona\u0142e w\u0142a\u015bciwo\u015bci dietetyczne\nsk\u0142adniki zan\u0119ty s\u0105 \u0142atwiej trawione\nprodukty s\u0105 pasteryzowane\nniepo\u017cadane mikroorganizmy s\u0105 wyeliminowane\nokres przechowywania produktu jest d\u0142u\u017cszy\n\n\n\n<h2>Jako\u015b\u0107 naszych produkt\u00f3w potwierdzaj\u0105 badania:<\/h2>\n\nUniwersytetu Przyrodniczego w Poznaniu\nZak\u0142adu Do\u015bwiadczalnego technologii Produkcji Pasz i Akwakultury\nLabroratorium Analitycznego Katedry Ekologii i Ochrony \u015arodowiska\n\n\n\n","protected":false},"excerpt":{"rendered":"","protected":false},"author":1,"featured_media":0,"parent":0,"menu_order":0,"comment_status":"closed","ping_status":"closed","template":"","meta":{"pagelayer_contact_templates":[],"_pagelayer_content":"","footnotes":""},"class_list":["post-225","page","type-page","status-publish","hentry"],"_links":{"self":[{"href":"https:\/\/edano.com.pl\/index.php\/wp-json\/wp\/v2\/pages\/225","targetHints":{"allow":["GET"]}}],"collection":[{"href":"https:\/\/edano.com.pl\/index.php\/wp-json\/wp\/v2\/pages"}],"about":[{"href":"https:\/\/edano.com.pl\/index.php\/wp-json\/wp\/v2\/types\/page"}],"author":[{"embeddable":true,"href":"https:\/\/edano.com.pl\/index.php\/wp-json\/wp\/v2\/users\/1"}],"replies":[{"embeddable":true,"href":"https:\/\/edano.com.pl\/index.php\/wp-json\/wp\/v2\/comments?post=225"}],"version-history":[{"count":25,"href":"https:\/\/edano.com.pl\/index.php\/wp-json\/wp\/v2\/pages\/225\/revisions"}],"predecessor-version":[{"id":255,"href":"https:\/\/edano.com.pl\/index.php\/wp-json\/wp\/v2\/pages\/225\/revisions\/255"}],"wp:attachment":[{"href":"https:\/\/edano.com.pl\/index.php\/wp-json\/wp\/v2\/media?parent=225"}],"curies":[{"name":"wp","href":"https:\/\/api.w.org\/{rel}","templated":true}]}}