{"id":201,"date":"2025-08-21T12:27:28","date_gmt":"2025-08-21T12:27:28","guid":{"rendered":"https:\/\/edano.com.pl\/?page_id=201"},"modified":"2025-10-17T12:44:23","modified_gmt":"2025-10-17T12:44:23","slug":"zoologia-2","status":"publish","type":"page","link":"https:\/\/edano.com.pl\/index.php\/zoologia-2\/","title":{"rendered":"Zoologia"},"content":{"rendered":"\n\n\n\n\n<h2>Czy wiesz, \u017ce polska produkcja<\/h2><h2>karmy dla kr\u00f3lik\u00f3w i gryzoni<\/h2><h2>osi\u0105gn\u0119\u0142a nowy poziom?<\/h2>\n\n\n\n\n\n\n\n<p>Przedstawiamy innowacyjn\u0105 karm\u0119, kt\u00f3ra<\/p><p>zaspokoi potrzeby Twoich ma\u0142ych przyjaci\u00f3\u0142!<\/p><p>Nasza firma, z wieloletnim do\u015bwiadczeniem w \u017cywieniu zwierz\u0105t,<\/p><p>specjalizuje si\u0119 w produkcji wysokiej jako\u015bci karm dla kr\u00f3lik\u00f3w<\/p><p>i gryzoni.<\/p><p>Wszystkie nasze produkty s\u0105 w 100% polskiej produkcji, co<\/p><p>gwarantuje ich najwy\u017csz\u0105 jako\u015b\u0107 i \u015bwie\u017co\u015b\u0107.<\/p><p>Ka\u017cdy sk\u0142adnik zosta\u0142 starannie dobrany, aby zapewni\u0107 Twojemu<\/p><p>zwierzakowi to, co najlepsze. Naturalne w 100% sk\u0142adniki, bez<\/p><p>sztucznych dodatk\u00f3w i konserwant\u00f3w.<\/p><p>Wprowadzamy innowacyjne rozwi\u0105zania, aby dostarcza\u0107 karmy<\/p><p>naturalne i ekologiczne, kt\u00f3re wspieraj\u0105 zdrowie i dobre samopoczucie<\/p><p>Twoich zwierz\u0105t.<\/p>\n\n\n\n\n\n\n\n\n\n<p><strong>Proces mikronizacji i ekstruzji<\/strong> zapewnia lepsz\u0105 przyswajalno\u015b\u0107<\/p><p>sk\u0142adnik\u00f3w od\u017cywczych oraz d\u0142u\u017cszy okres przydatno\u015bci do spo\u017cycia.<\/p><p>Dzi\u0119ki temu masz pewno\u015b\u0107, \u017ce Twoje zwierz\u0119ta otrzymuj\u0105 wszystko,<\/p><p>co najlepsze bez zb\u0119dnych dodatk\u00f3w chemicznych.<\/p>\n<p>Zaufajcie polskiej jako\u015bci i dba\u0142o\u015bci o detale. Nasza karma zosta\u0142a<\/p><p>stworzona z my\u015bl\u0105 o zdrowiu i o dobrym samopoczuciu Waszych<\/p><p>ma\u0142ych przyjaci\u00f3\u0142. Dajcie swoim kr\u00f3likom i gryzoniom to, co<\/p><p>najlepsze!<\/p>\n<p>Wybierz nasz\u0105 firm\u0119 i do\u0142\u0105cz do grona zadowolonych klient\u00f3w, kt\u00f3rzy<\/p><p>zaufali naszym sprawdzonym recepturom.<\/p>\n\n\n\n\n\n\n\n<p><strong>Ju\u017c w sprzeda\u017cy nasza nowo\u015b\u0107!<\/strong><\/p><p>Naturalny smaczek-kabanos wieprzowy oraz makaron bez gotowania<\/p><p>z dodatkiem suszonego mi\u0119sa i warzyw dla ps\u00f3w.<\/p>\n<p>A ju\u017c niebawem uka\u017ce si\u0119 r\u00f3wnie\u017c bezglutenowa i hipoalergiczna<\/p><p>karma dla ps\u00f3w z dodatkiem siemienia lnianego, ostropestu<\/p>\n<p>plamistego, ryb atlantyckich, mikronizowanego ry\u017cu<\/p><p>oraz alg morskich.<\/p>\n\n\n\n\n\n","protected":false},"excerpt":{"rendered":"","protected":false},"author":1,"featured_media":0,"parent":0,"menu_order":0,"comment_status":"closed","ping_status":"closed","template":"","meta":{"pagelayer_contact_templates":[],"_pagelayer_content":"","footnotes":""},"class_list":["post-201","page","type-page","status-publish","hentry"],"_links":{"self":[{"href":"https:\/\/edano.com.pl\/index.php\/wp-json\/wp\/v2\/pages\/201","targetHints":{"allow":["GET"]}}],"collection":[{"href":"https:\/\/edano.com.pl\/index.php\/wp-json\/wp\/v2\/pages"}],"about":[{"href":"https:\/\/edano.com.pl\/index.php\/wp-json\/wp\/v2\/types\/page"}],"author":[{"embeddable":true,"href":"https:\/\/edano.com.pl\/index.php\/wp-json\/wp\/v2\/users\/1"}],"replies":[{"embeddable":true,"href":"https:\/\/edano.com.pl\/index.php\/wp-json\/wp\/v2\/comments?post=201"}],"version-history":[{"count":24,"href":"https:\/\/edano.com.pl\/index.php\/wp-json\/wp\/v2\/pages\/201\/revisions"}],"predecessor-version":[{"id":371,"href":"https:\/\/edano.com.pl\/index.php\/wp-json\/wp\/v2\/pages\/201\/revisions\/371"}],"wp:attachment":[{"href":"https:\/\/edano.com.pl\/index.php\/wp-json\/wp\/v2\/media?parent=201"}],"curies":[{"name":"wp","href":"https:\/\/api.w.org\/{rel}","templated":true}]}}